{"id":95,"date":"2016-06-18T11:38:42","date_gmt":"2016-06-18T11:38:42","guid":{"rendered":"http:\/\/bachgrundmusikanten.de\/?page_id=95"},"modified":"2016-12-04T14:15:14","modified_gmt":"2016-12-04T14:15:14","slug":"gallerie","status":"publish","type":"page","link":"https:\/\/bachgrundmusikanten.de\/?page_id=95","title":{"rendered":"Galerie"},"content":{"rendered":"<p>2016<\/p>\n<p><a href=\"https:\/\/bachgrundmusikanten.de\/?page_id=557\">Marienkonzert<\/a><\/p>\n<p><a href=\"https:\/\/bachgrundmusikanten.de\/?page_id=547\">Sportfest B\u00fchler-M\u00fcnster<\/a><\/p>\n<p><a href=\"https:\/\/bachgrundmusikanten.de\/?page_id=292\">Gottesdienst f\u00fcr verstorbene Musikanten<\/a><\/p>\n<p>2015<\/p>\n<p><a href=\"https:\/\/bachgrundmusikanten.de\/?page_id=298\">Flo\u00dffahrt<\/a><\/p>\n<p>2014<\/p>\n<p><a href=\"https:\/\/bachgrundmusikanten.de\/?page_id=374\">20 Jahre BGM<\/a><\/p>\n","protected":false},"excerpt":{"rendered":"<p>2016 Marienkonzert Sportfest B\u00fchler-M\u00fcnster Gottesdienst f\u00fcr verstorbene Musikanten 2015 Flo\u00dffahrt 2014 20 Jahre BGM<\/p>\n","protected":false},"author":1,"featured_media":0,"parent":0,"menu_order":0,"comment_status":"closed","ping_status":"closed","template":"","meta":{"ngg_post_thumbnail":0,"footnotes":""},"class_list":["post-95","page","type-page","status-publish","hentry"],"_links":{"self":[{"href":"https:\/\/bachgrundmusikanten.de\/index.php?rest_route=\/wp\/v2\/pages\/95","targetHints":{"allow":["GET"]}}],"collection":[{"href":"https:\/\/bachgrundmusikanten.de\/index.php?rest_route=\/wp\/v2\/pages"}],"about":[{"href":"https:\/\/bachgrundmusikanten.de\/index.php?rest_route=\/wp\/v2\/types\/page"}],"author":[{"embeddable":true,"href":"https:\/\/bachgrundmusikanten.de\/index.php?rest_route=\/wp\/v2\/users\/1"}],"replies":[{"embeddable":true,"href":"https:\/\/bachgrundmusikanten.de\/index.php?rest_route=%2Fwp%2Fv2%2Fcomments&post=95"}],"version-history":[{"count":11,"href":"https:\/\/bachgrundmusikanten.de\/index.php?rest_route=\/wp\/v2\/pages\/95\/revisions"}],"predecessor-version":[{"id":560,"href":"https:\/\/bachgrundmusikanten.de\/index.php?rest_route=\/wp\/v2\/pages\/95\/revisions\/560"}],"wp:attachment":[{"href":"https:\/\/bachgrundmusikanten.de\/index.php?rest_route=%2Fwp%2Fv2%2Fmedia&parent=95"}],"curies":[{"name":"wp","href":"https:\/\/api.w.org\/{rel}","templated":true}]}}