{"id":75,"date":"2016-06-18T10:41:43","date_gmt":"2016-06-18T10:41:43","guid":{"rendered":"http:\/\/bachgrundmusikanten.de\/?page_id=75"},"modified":"2016-09-13T15:11:48","modified_gmt":"2016-09-13T15:11:48","slug":"bachgrundmusikanten","status":"publish","type":"page","link":"https:\/\/bachgrundmusikanten.de\/?page_id=75","title":{"rendered":"Die Bachgrundmusikanten"},"content":{"rendered":"<p><img loading=\"lazy\" decoding=\"async\" class=\"wp-image-529 alignleft\" src=\"https:\/\/bachgrundmusikanten.de\/wp-content\/uploads\/2016\/06\/DSC_3795.jpg\" alt=\"DSC_3795\" width=\"451\" height=\"678\" srcset=\"https:\/\/bachgrundmusikanten.de\/wp-content\/uploads\/2016\/06\/DSC_3795.jpg 2848w, https:\/\/bachgrundmusikanten.de\/wp-content\/uploads\/2016\/06\/DSC_3795-199x300.jpg 199w, https:\/\/bachgrundmusikanten.de\/wp-content\/uploads\/2016\/06\/DSC_3795-768x1156.jpg 768w, https:\/\/bachgrundmusikanten.de\/wp-content\/uploads\/2016\/06\/DSC_3795-680x1024.jpg 680w\" sizes=\"auto, (max-width: 451px) 100vw, 451px\" \/><\/p>\n<p>Es war einmal im Mai 1993 da trafen sich zwei Musikanten\u00a0 Leo Vogt aus Hundsbach und Franz Josef Rosenzweig aus M\u00fcnster bei einem Fu\u00dfballspiel in Aschfeld .Nach einer kurzen Unterhaltung fragte der Franz-Josef den Leo, ob er nicht Lust h\u00e4tte wieder Musik zu spielen, da wir vor einigen Jahren schon einmal bei der Musikkapelle Hundsbach, welche sich aufgel\u00f6st hatte zusammen musiziert hatten. Nach einigen Gespr\u00e4chen\u00a0 kamen sie zu dem\u00a0 Entschluss, da in Hundsbach keine Musikkapelle mehr war und in M\u00fcnster &#8211; B\u00fchler kein Nachwuchs bei der TK M\u00fcnster &#8211; B\u00fchler ausgebildet wurde, fand man einige Musiksch\u00fcler, um sie nach Karlstadt in die Musikschule zu schicken .<\/p>\n<p>Ein Jahr sp\u00e4ter am 27.11.1994 traf man sich im Pfarrheim in B\u00fchler zum ersten Mal\u00a0 um gemeinsame Proben abzuhalten,<\/p>\n<p>mit J\u00fcrgen Rosenzweig Trompete aus M\u00fcnster, Simon B\u00f6hnlein Tenorhorn, Bernd K\u00fctt Trompete aus B\u00fchler, Christoph R\u00fcth Trompete aus Aschfeld, Alexander Vogt Trompete, Stefan Marterstock Trompete, Leo Vogt Trompete,<\/p>\n<p>Josef Turtschany\u00a0 Tuba aus Hundsbach, die in der Musikschule in Karlstadt lernten.<\/p>\n<p>Stefan Schierling Klarinette aus Hundsbach, Martin Breitenbach Posaune aus Aschfeld, musizierten bei der TK Aschfeld<\/p>\n<p>Franz Gloser Tenorhorn aus Karsbach, Erich Wei\u00dfenberger Tenorhorn aus B\u00fchler,<\/p>\n<p>&nbsp;<\/p>\n<p>&nbsp;<\/p>\n<p>Anja Rosenzweig Klarinette, Robert F\u00f6rsch Posaune, Franz-Josef Rosenzweig Klarinette alle aus M\u00fcnster musizierten bei der TK He\u00dflar. Zudem unterst\u00fctzte uns Herbert Sauer aus Karlstadt am Schlagzeug.<\/p>\n<p>Weiterhin waren noch Christian Walter Trompete\u00a0 aus B\u00fchler, Bernhard F\u00f6rsch\u00a0 Tenorhorn, Jochen\u00a0 M\u00fcnch Schlagzeug aus M\u00fcnster und Erich Sch\u00e4fer aus Hundsbach bei einigen Proben dabei, konnten sie aber leider zu unseren Neubeginn nicht gewinnen.<\/p>\n<p>Geleitet und organisiert wurden die Proben und Auftritte von Franz-Josef\u00a0 Rosenzweig aus M\u00fcnster.<\/p>\n<p>Gabriele Turtschany \u00fcbernahm unsere finanziellen Gesch\u00e4fte.<\/p>\n<p>Die ersten Auftritte waren:<\/p>\n<p>am 04.12.1994 bei der Heimatbuchvorstellung von M\u00fcnster im Gasthaus Wei\u00dfenberger in B\u00fchler,<\/p>\n<p>am 10.12.1994 beim Obst- und Gartenbauverein Hundsbach im Gasthaus M\u00f6hres<\/p>\n<p>am 12.12.1994 bei der Weihnachtsfeier der Senioren im Gasthaus Wei\u00dfenberger in B\u00fchler<\/p>\n<p>am 25.12.1994 dem Weihnachtskonzert in B\u00fchler in der Kirche St. Nikolaus,<\/p>\n<p>da war das erste Jahr vorbei und die Bachgrundmusikanten waren geboren.<\/p>\n<p>&nbsp;<\/p>\n<p>B\u00fcrgermeister Herbert Schneider erlaubte uns im Nebenraum der Schule in Hundsbach w\u00f6chendlich zu proben, wo wir die \u00f6rtliche Auftritte wie Maibaum aufspielen, Jubil\u00e4en u. kirchlichen Wallg\u00e4nge \u00fcbernahmen. Personell konnten wir bis 1997 nur wenige Musikanten gewinnen. Da die Musikschule in Karlstadt keine Ausbildungspl\u00e4tze frei hatte, beschlossen wir die Ausbildung selbst zu \u00fcbernehmen. Dies war f\u00fcr die Bachgrundmusikanten ein gro\u00dfes Plus, denn der Unterricht fand oder findet immer noch in Hundsbach und in B\u00fchler in der Schule oder Privat statt, dadurch hatten die Eltern keine \u00fcberm\u00e4\u00dfig lange\u00a0 Fahrten zum Unterricht, auch die Auftritte sowie Zeltlager, Heimatabende, Weihnachtskonzerte, Vorspielabende und gemeinsame Wanderungen und Ausfl\u00fcge im Kalenderjahr zeigten der Bev\u00f6lkerung das wir gute Nachwuchsarbeit leisten und der Jugend somit eine sinnvolle Freizeitgestaltung bieten. So konnten wir in den darauf folgenden Jahren j\u00e4hrlich\u00a0 viele junge Musikanten\u00a0 bei uns begr\u00fc\u00dfen.<\/p>\n<p>&nbsp;<\/p>\n<p>Auch Unterst\u00fctzung bekamen wir\u00a0 von \u00f6rtlichen Gesch\u00e4ften wie der Metzgerei Gerhard aus B\u00fchler, B\u00e4ckerei Schierling und\u00a0 Radio-Fernseh-Technik Marterstock aus Hundsbach, sowie dem SKV Hundsbach f\u00fcr die kostenlose Bereitstellung der Sporthalle bei unseren Konzerten.<\/p>\n<p>&nbsp;<\/p>\n<p>Um den Verein in geordneten Verh\u00e4ltnissen zu leiten, wurde am 22.01.2000 die erste Vorstandschaft gew\u00e4hlt.<\/p>\n<ol>\n<li><strong> Vorstand Rosenzweig Franz \u2013 Josef, 2. Vorstand Schierling Stefan, Kassier Turtschany Gabriele, <\/strong><\/li>\n<\/ol>\n<p><strong>Schriftf\u00fchrer Turtschany Josef, Ausbildung und Dirigent Rainer Schuler aus Waigolshausen, Dirigenten Jugendkapelle Rosenzweig J\u00fcrgen und K\u00fctt Bernd, als Beisitzer wurden Schulthei\u00df J\u00fcrgen, Born Steffi, R\u00fcth Ute, Schneider Anni, Wei\u00dfenberger\u00a0 Bernhard, Gerhard Georg u. J\u00fcnger Elmar gew\u00e4hlt.<\/strong><\/p>\n<p><strong>\u00a0<\/strong><\/p>\n<p>Die Mitglieder beantragten\u00a0 sogleich die Eintragung ins Vereinsregister des Amtsgerichts in Gem\u00fcnden, mit den Namen<\/p>\n<p><strong>\u201e Bachgrundmusikanten M\u00fcnster-B\u00fchler-Hundsbach\u00a0 e.V. 1994\u201c<\/strong><\/p>\n<p>Zweck des Vereins ist die F\u00f6rderung und Pflege der Musik und des Brauchtums.<\/p>\n<p>Die Eintragung erfolgte dann am 26.10.2000 im\u00a0 Vereinsregister\u00a0 des Amtsgerichts in Gem\u00fcnden.<\/p>\n<p>Somit konnten\u00a0 wir f\u00f6rdernde Mitglieder werben und als erstes Mitglied die Fahrschule Oswald Breitenbach\u00a0 aus M\u00fcnster gewinnen, die uns zus\u00e4tzlich noch mit neun T-Shirts ausstattete.<\/p>\n<p>Zur dieser Zeit bestehen bei den Bachgrundmusikanten drei Gruppierungen, die von M\u00fcnch Steffen aus He\u00dflar dirigiert wurden.<\/p>\n<p>Mit einer Jubil\u00e4ums -und Geburtstagkapelle<\/p>\n<p>Die jungen Bachgrundmusikanten<\/p>\n<p>Seit dem 29.01.2001 probt eine Nachwuchssch\u00fclerkappelle mit einer kompletten Besetzung,<\/p>\n<p>(Tuba, Schlagzeug, Bariton, Tenorhorn, Trompeten, Klarinetten und Querfl\u00f6ten)<\/p>\n<p>Mit dem Ziel unsere Ausbildung auf eine breite Basis zu stellen und um talentierte Musiker noch besser f\u00f6rdern zu k\u00f6nnen, sind wir seit dem 01.01.2001\u00a0 dem Nordbayerischen Musikbund beigetreten.<\/p>\n<p>&nbsp;<\/p>\n<p>\u201eBachgrundmusikanten im Internet!!\u201c<\/p>\n<p>Ab 2001 sind wir weltweit im Internet zu erreichen, eingerichtet und gewartet\u00a0 wurden unsre Seiten von Michael Rosenzweig aus M\u00fcnster. 2016\u00a0erstellte Bischof Carsten\u00a0eine neue HP und wartet diese auch.<\/p>\n<p>&nbsp;<\/p>\n<p>Am 04. M\u00e4rz 2006 wurden Sch\u00f6nberger Arno zum 1. und Kaiser Josef\u00a0 zum 2. Vorstand gew\u00e4hlt, um den Verein\u00a0 eine junge F\u00fchrung zu geben. 2009 konnte Steffen M\u00fcnch aus privaten Gr\u00fcnden das Dirigentenamt nicht mehr\u00a0 aus\u00fcben, somit wurden mit Rauh Philipp f\u00fcr die Bachgrundmusikanten und Greif Steffi f\u00fcr die Jugendkapelle sehr gute junge Dirigenten gefunden.<\/p>\n<p>2008 trat Sch\u00f6nberger Arno zur\u00fcck, somit wurde Kaiser Josef\u00a0 zum 1. und Mader Franz zum 2. Vorstand gew\u00e4hlt.<\/p>\n<p>Da 2010 keine jungen Musiker f\u00fcr Jugendkapelle gefunden werden konnten\u00a0 wurde diese aufgel\u00f6st, daraufhin wurden die jungen Musiker bei den Bachgrundmusikanten mit eingebaut.<\/p>\n<p>2011 hat sich Dirigent Philipp Rauh\u00a0 beruflich ver\u00e4ndert und zog nach N\u00fcrnberg<\/p>\n<p>Mit Steffen M\u00fcnch konnte ab November 2011auch wieder ein junger Nachfolger f\u00fcr das Dirigentenamt gefunden werden.<\/p>\n<p>&nbsp;<\/p>\n<p>Da sich bei den Neuwahlen am 17.03.2012 kein erster Vorstand fand, drohte die Aufl\u00f6sung der Bachgrundmusikanten.<\/p>\n<p>Um das Ende des Musikvereins zu verhindern, erkl\u00e4rte sich Rosenzweig Franz \u2013 Josef\u00a0 wieder bereit den Vorsitz zu\u00a0 \u00fcbernehmen, somit wurde Rosenzweig Franz &#8211; Josef\u00a0\u00a0 1. und Kaiser Josef als 2. Vorstand gew\u00e4hlt.<\/p>\n<p>Ab 2012 wurden DIE B\u00d6HMISCHEN als selbstst\u00e4ndige Abteilung bei den Bachgrundmusikanten angegliedert!<\/p>\n<p>&nbsp;<\/p>\n","protected":false},"excerpt":{"rendered":"<p>Es war einmal im Mai 1993 da trafen sich zwei Musikanten\u00a0 Leo Vogt aus Hundsbach und Franz Josef Rosenzweig aus M\u00fcnster bei einem Fu\u00dfballspiel in Aschfeld .Nach einer kurzen Unterhaltung [&hellip;]<\/p>\n","protected":false},"author":1,"featured_media":57,"parent":0,"menu_order":0,"comment_status":"closed","ping_status":"closed","template":"","meta":{"ngg_post_thumbnail":0,"footnotes":""},"class_list":["post-75","page","type-page","status-publish","has-post-thumbnail","hentry"],"_links":{"self":[{"href":"https:\/\/bachgrundmusikanten.de\/index.php?rest_route=\/wp\/v2\/pages\/75","targetHints":{"allow":["GET"]}}],"collection":[{"href":"https:\/\/bachgrundmusikanten.de\/index.php?rest_route=\/wp\/v2\/pages"}],"about":[{"href":"https:\/\/bachgrundmusikanten.de\/index.php?rest_route=\/wp\/v2\/types\/page"}],"author":[{"embeddable":true,"href":"https:\/\/bachgrundmusikanten.de\/index.php?rest_route=\/wp\/v2\/users\/1"}],"replies":[{"embeddable":true,"href":"https:\/\/bachgrundmusikanten.de\/index.php?rest_route=%2Fwp%2Fv2%2Fcomments&post=75"}],"version-history":[{"count":11,"href":"https:\/\/bachgrundmusikanten.de\/index.php?rest_route=\/wp\/v2\/pages\/75\/revisions"}],"predecessor-version":[{"id":532,"href":"https:\/\/bachgrundmusikanten.de\/index.php?rest_route=\/wp\/v2\/pages\/75\/revisions\/532"}],"wp:featuredmedia":[{"embeddable":true,"href":"https:\/\/bachgrundmusikanten.de\/index.php?rest_route=\/wp\/v2\/media\/57"}],"wp:attachment":[{"href":"https:\/\/bachgrundmusikanten.de\/index.php?rest_route=%2Fwp%2Fv2%2Fmedia&parent=75"}],"curies":[{"name":"wp","href":"https:\/\/api.w.org\/{rel}","templated":true}]}}