{"id":708,"date":"2018-03-19T16:42:28","date_gmt":"2018-03-19T16:42:28","guid":{"rendered":"http:\/\/bachgrundmusikanten.de\/?page_id=708"},"modified":"2018-03-19T16:42:28","modified_gmt":"2018-03-19T16:42:28","slug":"jahreshauptversammlung-mit-neuwahlen-2016","status":"publish","type":"page","link":"https:\/\/bachgrundmusikanten.de\/?page_id=708","title":{"rendered":"Jahreshauptversammlung mit Neuwahlen 2016"},"content":{"rendered":"<p><strong><u>Rosenzweig f\u00fchrt weiterhin Regie bei den Bachgrundmusikanten<\/u><\/strong><\/p>\n<p><strong>Am Sonntag, 06.03.2016 fand im Gasthaus Krone in B\u00fchler die Jahreshauptversammlung der Bachgrundmusikanten e.V. mit Neuwahlen statt. Der 1. Vorstand Franz &#8211; Josef Rosenzweig begr\u00fc\u00dfte die anwesenden Mitglieder und lies das Vereinsjahr nochmals Revue passieren. Er erw\u00e4hnte die vielen kirchlichen und kulturellen Auftritte der 26 aktiven Musiker. Insgesamt kamen die Musiker 61 mal zu Proben und Auftritten im letzten Jahr zusammen. H\u00f6hepunkt des vergangenen Jahres war die Flo\u00dffahrt auf dem Altmain. Traditionsgem\u00e4\u00df wurden auch die Maibaumaufstellungen in M\u00fcnster, B\u00fchler, Hundsbach musikalisch gestaltet. Auch das \u201eSpielen unterm Weihnachtsbaum\u201c an Heilig Abend wird von der Bev\u00f6lkerung immer sehr gut angenommen.<\/strong><br \/>\n<strong>Der Verein besteht derzeit aus 119 Mitgliedern. Davon sind 90 Personen f\u00f6rdernde Mitglieder und 29 Personen Musiker und Vorstandschaft.<\/strong><br \/>\n<strong>Die Kassiererin Sara Schneider wird von den Kassenpr\u00fcfern f\u00fcr ein einwandfreies F\u00fchren der Kassenb\u00fccher gelobt. Anschlie\u00dfend wurden der Kassiererin und dem Vorstand jeweils einstimmig Entlastung erteilt..<\/strong><br \/>\n<strong>Ein weiterer Programmpunkt war die Ehrung langj\u00e4hriger Mitglieder. Geehrt wurden Nina Gro\u00dfmann f\u00fcr 10 Jahre musikalische Fr\u00fcherziehung und T\u00e4tigkeit in der Vorstandschaft, sowie Walter Morgenstern f\u00fcr 20 Jahre aktiver Musiker bei den Bachgrundmusikanten. Als Dank f\u00fcr die geleistete Arbeit \u00fcberreichte der Vereinsvorsitzende jeweils eine Urkunde und ein Pr\u00e4sent ( siehe Foto).<\/strong><br \/>\n<strong><img loading=\"lazy\" decoding=\"async\" class=\"wp-image-87 alignnone\" src=\"https:\/\/bachgrundmusikanten.de\/wp-content\/uploads\/2016\/06\/Jahreshauptversammlung2016-300x188.jpg\" alt=\"Jahreshauptversammlung2016\" width=\"677\" height=\"424\" srcset=\"https:\/\/bachgrundmusikanten.de\/wp-content\/uploads\/2016\/06\/Jahreshauptversammlung2016-300x188.jpg 300w, https:\/\/bachgrundmusikanten.de\/wp-content\/uploads\/2016\/06\/Jahreshauptversammlung2016.jpg 600w\" sizes=\"auto, (max-width: 677px) 100vw, 677px\" \/><\/strong><\/p>\n<p><center><strong><img decoding=\"async\" src=\"file:\/\/\/C:\/Users\/carst_000\/Desktop\/BGM%20Homepage\/Bachgrundmusikanten%20-%20News_files\/Jahreshauptversammlung2016.jpg\" align=\"left\" \/><\/strong><\/center><br \/>\n<strong>Josef Kaiser (2.Vorstand), Nina Gro\u00dfmann, Walter Morgenstern, Franz-Josef Rosenzweig (1.Vorstand)<\/strong><\/p>\n<p><strong>Die anschlie\u00dfenden Neuwahlen zu allen Vorstands\u00e4mtern konnten z\u00fcgig vollzogen werden. Es wurden alle Vorstandsmitglieder (einschlie\u00dflich Beisitzer) der vergangenen Periode in ihren jeweiligen \u00c4mtern einstimmig best\u00e4tigt.<\/strong><br \/>\n<strong>Der Vorstand setzt sich wie folgt zusammen: 1. Vorsitzender \u2013 Franz-Josef Rosenzweig, 2. Vorsitzender \u2013 Josef Kaiser, 1. Kassiererin \u2013 Sara Schneider, 2. Kassier \u2013 Carsten Bischof, Schriftf\u00fchrer \u2013 Josef Turtschany.<\/strong><br \/>\n<strong>Beisitzer: Nina Gro\u00dfmann, Georg Rombach, Theresa Rombach, Katrin Rumpel, Gabriele Turtschany<\/strong><br \/>\n<strong>Dirigent: Steffen M\u00fcnch<\/strong><br \/>\n<strong>Kassenpr\u00fcfer: Georg Rombach, Leo Vogt<\/strong><br \/>\n<strong>Nach ca. eineinhalb Stunden einer sehr kurzweiligen Versammlung sprach der Vorstand den anwesenden Mitgliedern und Musikern nochmals seinen Dank aus und beendete die Jahreshauptversammlung.<\/strong><\/p>\n","protected":false},"excerpt":{"rendered":"<p>Rosenzweig f\u00fchrt weiterhin Regie bei den Bachgrundmusikanten Am Sonntag, 06.03.2016 fand im Gasthaus Krone in B\u00fchler die Jahreshauptversammlung der Bachgrundmusikanten e.V. mit Neuwahlen statt. Der 1. Vorstand Franz &#8211; Josef [&hellip;]<\/p>\n","protected":false},"author":1,"featured_media":0,"parent":0,"menu_order":0,"comment_status":"closed","ping_status":"closed","template":"","meta":{"ngg_post_thumbnail":0,"footnotes":""},"class_list":["post-708","page","type-page","status-publish","hentry"],"_links":{"self":[{"href":"https:\/\/bachgrundmusikanten.de\/index.php?rest_route=\/wp\/v2\/pages\/708","targetHints":{"allow":["GET"]}}],"collection":[{"href":"https:\/\/bachgrundmusikanten.de\/index.php?rest_route=\/wp\/v2\/pages"}],"about":[{"href":"https:\/\/bachgrundmusikanten.de\/index.php?rest_route=\/wp\/v2\/types\/page"}],"author":[{"embeddable":true,"href":"https:\/\/bachgrundmusikanten.de\/index.php?rest_route=\/wp\/v2\/users\/1"}],"replies":[{"embeddable":true,"href":"https:\/\/bachgrundmusikanten.de\/index.php?rest_route=%2Fwp%2Fv2%2Fcomments&post=708"}],"version-history":[{"count":1,"href":"https:\/\/bachgrundmusikanten.de\/index.php?rest_route=\/wp\/v2\/pages\/708\/revisions"}],"predecessor-version":[{"id":709,"href":"https:\/\/bachgrundmusikanten.de\/index.php?rest_route=\/wp\/v2\/pages\/708\/revisions\/709"}],"wp:attachment":[{"href":"https:\/\/bachgrundmusikanten.de\/index.php?rest_route=%2Fwp%2Fv2%2Fmedia&parent=708"}],"curies":[{"name":"wp","href":"https:\/\/api.w.org\/{rel}","templated":true}]}}